{"id":2009,"date":"2026-02-21T18:52:02","date_gmt":"2026-02-21T18:52:02","guid":{"rendered":"https:\/\/woohoostudio.com\/?page_id=2009"},"modified":"2026-03-01T05:44:49","modified_gmt":"2026-03-01T05:44:49","slug":"links-2026","status":"publish","type":"page","link":"https:\/\/woohoostudio.com\/en\/","title":{"rendered":"Links 2026"},"content":{"rendered":"<style>.kb-row-layout-id2009_e058e6-cc > .kt-row-column-wrap{align-content:start;}:where(.kb-row-layout-id2009_e058e6-cc > .kt-row-column-wrap) > .wp-block-kadence-column{justify-content:start;}.kb-row-layout-id2009_e058e6-cc > .kt-row-column-wrap{column-gap:var(--global-kb-gap-md, 2rem);row-gap:var(--global-kb-gap-md, 2rem);max-width:520px;margin-left:auto;margin-right:auto;padding-top:50px;padding-right:20px;padding-bottom:60px;padding-left:20px;grid-template-columns:minmax(0, 1fr);}.kb-row-layout-id2009_e058e6-cc{background-color:#0a0a2e;}.kb-row-layout-id2009_e058e6-cc > .kt-row-layout-overlay{opacity:0.30;}@media all and (max-width: 1024px){.kb-row-layout-id2009_e058e6-cc > .kt-row-column-wrap{padding-top:40px;padding-right:16px;padding-bottom:40px;padding-left:16px;grid-template-columns:minmax(0, 1fr);}}@media all and (max-width: 767px){.kb-row-layout-id2009_e058e6-cc > .kt-row-column-wrap{padding-top:30px;padding-right:12px;padding-bottom:30px;padding-left:12px;grid-template-columns:minmax(0, 1fr);}}<\/style><div class=\"kb-row-layout-wrap kb-row-layout-id2009_e058e6-cc alignfull kt-row-has-bg wp-block-kadence-rowlayout\"><div class=\"kt-row-column-wrap kt-has-1-columns kt-row-layout-equal kt-tab-layout-inherit kt-mobile-layout-row kt-row-valign-top\">\n<style>.kadence-column2009_83ed66-67 > .kt-inside-inner-col{padding-top:0px;padding-right:10px;padding-bottom:0px;padding-left:10px;}.kadence-column2009_83ed66-67 > .kt-inside-inner-col,.kadence-column2009_83ed66-67 > .kt-inside-inner-col:before{border-top-left-radius:0px;border-top-right-radius:0px;border-bottom-right-radius:0px;border-bottom-left-radius:0px;}.kadence-column2009_83ed66-67 > .kt-inside-inner-col{column-gap:var(--global-kb-gap-sm, 1rem);}.kadence-column2009_83ed66-67 > .kt-inside-inner-col{flex-direction:column;}.kadence-column2009_83ed66-67 > .kt-inside-inner-col > .aligncenter{width:100%;}.kadence-column2009_83ed66-67 > .kt-inside-inner-col:before{opacity:0.3;}.kadence-column2009_83ed66-67{position:relative;}@media all and (max-width: 1024px){.kadence-column2009_83ed66-67 > .kt-inside-inner-col{flex-direction:column;justify-content:center;}}@media all and (max-width: 767px){.kadence-column2009_83ed66-67 > .kt-inside-inner-col{flex-direction:column;justify-content:center;}}<\/style>\n<div class=\"wp-block-kadence-column kadence-column2009_83ed66-67\"><div class=\"kt-inside-inner-col\"><style>.kb-image2009_7e5578-f6.kb-image-is-ratio-size, .kb-image2009_7e5578-f6 .kb-image-is-ratio-size{max-width:200px;width:100%;}.wp-block-kadence-column > .kt-inside-inner-col > .kb-image2009_7e5578-f6.kb-image-is-ratio-size, .wp-block-kadence-column > .kt-inside-inner-col > .kb-image2009_7e5578-f6 .kb-image-is-ratio-size{align-self:unset;}.kb-image2009_7e5578-f6 figure{max-width:200px;}.kb-image2009_7e5578-f6 .image-is-svg, .kb-image2009_7e5578-f6 .image-is-svg img{width:100%;}.kb-image2009_7e5578-f6 .kb-image-has-overlay:after{opacity:0.3;border-top-left-radius:30px;border-top-right-radius:30px;border-bottom-right-radius:30px;border-bottom-left-radius:30px;}.kb-image2009_7e5578-f6 img.kb-img, .kb-image2009_7e5578-f6 .kb-img img{border-top-left-radius:30px;border-top-right-radius:30px;border-bottom-right-radius:30px;border-bottom-left-radius:30px;}<\/style>\n<div class=\"wp-block-kadence-image kb-image2009_7e5578-f6 kb-image\"><figure class=\"aligncenter size-full\"><img loading=\"lazy\" decoding=\"async\" width=\"600\" height=\"280\" src=\"https:\/\/woohoostudio.com\/wp-content\/uploads\/2021\/04\/Woohoostudiologonew.jpg\" alt=\"WoohooSTUDIO Websites and Digital Marketing\" class=\"kb-img wp-image-234\" srcset=\"https:\/\/woohoostudio.com\/wp-content\/uploads\/2021\/04\/Woohoostudiologonew.jpg 600w, https:\/\/woohoostudio.com\/wp-content\/uploads\/2021\/04\/Woohoostudiologonew-300x140.jpg 300w, https:\/\/woohoostudio.com\/wp-content\/uploads\/2021\/04\/Woohoostudiologonew-480x224.jpg 480w\" sizes=\"auto, (max-width: 600px) 100vw, 600px\" \/><\/figure><\/div>\n\n\n<style>.wp-block-kadence-spacer.kt-block-spacer-2009_cdc6b5-b7 .kt-block-spacer{height:30px;}.wp-block-kadence-spacer.kt-block-spacer-2009_cdc6b5-b7 .kt-divider{border-top-width:1px;height:1px;border-top-color:#eee;width:80%;border-top-style:solid;}<\/style>\n<div class=\"wp-block-kadence-spacer aligncenter kt-block-spacer-2009_cdc6b5-b7\"><div class=\"kt-block-spacer kt-block-spacer-halign-center\"><hr class=\"kt-divider\"\/><\/div><\/div>\n\n\n<style>.wp-block-kadence-advancedbtn.kb-btns2009_d4cd61-51{gap:var(--global-kb-gap-xs, 0.5rem );justify-content:center;align-items:center;}.kt-btns2009_d4cd61-51 .kt-button{font-weight:normal;font-style:normal;}.kt-btns2009_d4cd61-51 .kt-btn-wrap-0{margin-right:5px;}.wp-block-kadence-advancedbtn.kt-btns2009_d4cd61-51 .kt-btn-wrap-0 .kt-button{color:#555555;border-color:#555555;}.wp-block-kadence-advancedbtn.kt-btns2009_d4cd61-51 .kt-btn-wrap-0 .kt-button:hover, .wp-block-kadence-advancedbtn.kt-btns2009_d4cd61-51 .kt-btn-wrap-0 .kt-button:focus{color:#ffffff;border-color:#444444;}.wp-block-kadence-advancedbtn.kt-btns2009_d4cd61-51 .kt-btn-wrap-0 .kt-button::before{display:none;}.wp-block-kadence-advancedbtn.kt-btns2009_d4cd61-51 .kt-btn-wrap-0 .kt-button:hover, .wp-block-kadence-advancedbtn.kt-btns2009_d4cd61-51 .kt-btn-wrap-0 .kt-button:focus{background:#444444;}<\/style>\n<div class=\"wp-block-kadence-advancedbtn kb-buttons-wrap kb-btns2009_d4cd61-51\"><style>ul.menu .wp-block-kadence-advancedbtn .kb-btn2009_adde4d-b1.kb-button{width:initial;}.wp-block-kadence-advancedbtn .kb-btn2009_adde4d-b1.kb-button{color:#1a1a2e;background:#ffffff;border-top-left-radius:30px;border-top-right-radius:30px;border-bottom-right-radius:30px;border-bottom-left-radius:30px;padding-top:14px;padding-right:30px;padding-bottom:14px;padding-left:30px;}.wp-block-kadence-advancedbtn .kb-btn2009_adde4d-b1.kb-button:hover, .wp-block-kadence-advancedbtn .kb-btn2009_adde4d-b1.kb-button:focus{color:#ffffff;background:#1a1a2e;}<\/style><a class=\"kb-button kt-button button kb-btn2009_adde4d-b1 kt-btn-size-standard kt-btn-width-type-auto kb-btn-global-fill  kt-btn-has-text-true kt-btn-has-svg-false  kt-btn-wrap wp-block-kadence-singlebtn\" href=\"https:\/\/emprendmtodigital.com\" rel=\"nofollow noopener\" target=\"_blank\"><span class=\"kt-btn-inner-text\">\ud83d\udccd Entre aqu\u00ed si est\u00e1 en Panam\u00e1<\/span><\/a><\/div>\n\n\n<style>.wp-block-kadence-spacer.kt-block-spacer-2009_53dc33-cc .kt-block-spacer{height:14px;}.wp-block-kadence-spacer.kt-block-spacer-2009_53dc33-cc .kt-divider{border-top-width:1px;height:1px;border-top-color:#eee;width:80%;border-top-style:solid;}<\/style>\n<div class=\"wp-block-kadence-spacer aligncenter kt-block-spacer-2009_53dc33-cc\"><div class=\"kt-block-spacer kt-block-spacer-halign-center\"><hr class=\"kt-divider\"\/><\/div><\/div>\n\n\n<style>.wp-block-kadence-advancedbtn.kb-btns2009_1ff295-7d{gap:var(--global-kb-gap-xs, 0.5rem );justify-content:center;align-items:center;}.kt-btns2009_1ff295-7d .kt-button{font-weight:normal;font-style:normal;}.kt-btns2009_1ff295-7d .kt-btn-wrap-0{margin-right:5px;}.wp-block-kadence-advancedbtn.kt-btns2009_1ff295-7d .kt-btn-wrap-0 .kt-button{color:#555555;border-color:#555555;}.wp-block-kadence-advancedbtn.kt-btns2009_1ff295-7d .kt-btn-wrap-0 .kt-button:hover, .wp-block-kadence-advancedbtn.kt-btns2009_1ff295-7d .kt-btn-wrap-0 .kt-button:focus{color:#ffffff;border-color:#444444;}.wp-block-kadence-advancedbtn.kt-btns2009_1ff295-7d .kt-btn-wrap-0 .kt-button::before{display:none;}.wp-block-kadence-advancedbtn.kt-btns2009_1ff295-7d .kt-btn-wrap-0 .kt-button:hover, .wp-block-kadence-advancedbtn.kt-btns2009_1ff295-7d .kt-btn-wrap-0 .kt-button:focus{background:#444444;}<\/style>\n<div class=\"wp-block-kadence-advancedbtn kb-buttons-wrap kb-btns2009_1ff295-7d\"><style>ul.menu .wp-block-kadence-advancedbtn .kb-btn2009_392581-1e.kb-button{width:initial;}.wp-block-kadence-advancedbtn .kb-btn2009_392581-1e.kb-button{color:#1a1a2e;background:#ffffff;border-top-left-radius:30px;border-top-right-radius:30px;border-bottom-right-radius:30px;border-bottom-left-radius:30px;padding-top:14px;padding-right:30px;padding-bottom:14px;padding-left:30px;}.wp-block-kadence-advancedbtn .kb-btn2009_392581-1e.kb-button:hover, .wp-block-kadence-advancedbtn .kb-btn2009_392581-1e.kb-button:focus{color:#ffffff;background:#1a1a2e;}<\/style><a class=\"kb-button kt-button button kb-btn2009_392581-1e kt-btn-size-standard kt-btn-width-type-auto kb-btn-global-fill  kt-btn-has-text-true kt-btn-has-svg-false  kt-btn-wrap wp-block-kadence-singlebtn\" href=\"https:\/\/woohoostudio.com\/bilingual-web-design-latino-market\/\"><span class=\"kt-btn-inner-text\">\ud83d\udcbb Website Services<\/span><\/a><\/div>\n\n\n<style>.wp-block-kadence-spacer.kt-block-spacer-2009_8b591a-53 .kt-block-spacer{height:14px;}.wp-block-kadence-spacer.kt-block-spacer-2009_8b591a-53 .kt-divider{border-top-width:1px;height:1px;border-top-color:#eee;width:80%;border-top-style:solid;}<\/style>\n<div class=\"wp-block-kadence-spacer aligncenter kt-block-spacer-2009_8b591a-53\"><div class=\"kt-block-spacer kt-block-spacer-halign-center\"><hr class=\"kt-divider\"\/><\/div><\/div>\n\n\n<style>.wp-block-kadence-advancedbtn.kb-btns2009_344c6b-d2{gap:var(--global-kb-gap-xs, 0.5rem );justify-content:center;align-items:center;}.kt-btns2009_344c6b-d2 .kt-button{font-weight:normal;font-style:normal;}.kt-btns2009_344c6b-d2 .kt-btn-wrap-0{margin-right:5px;}.wp-block-kadence-advancedbtn.kt-btns2009_344c6b-d2 .kt-btn-wrap-0 .kt-button{color:#555555;border-color:#555555;}.wp-block-kadence-advancedbtn.kt-btns2009_344c6b-d2 .kt-btn-wrap-0 .kt-button:hover, .wp-block-kadence-advancedbtn.kt-btns2009_344c6b-d2 .kt-btn-wrap-0 .kt-button:focus{color:#ffffff;border-color:#444444;}.wp-block-kadence-advancedbtn.kt-btns2009_344c6b-d2 .kt-btn-wrap-0 .kt-button::before{display:none;}.wp-block-kadence-advancedbtn.kt-btns2009_344c6b-d2 .kt-btn-wrap-0 .kt-button:hover, .wp-block-kadence-advancedbtn.kt-btns2009_344c6b-d2 .kt-btn-wrap-0 .kt-button:focus{background:#444444;}<\/style>\n<div class=\"wp-block-kadence-advancedbtn kb-buttons-wrap kb-btns2009_344c6b-d2\"><style>ul.menu .wp-block-kadence-advancedbtn .kb-btn2009_439cbe-d4.kb-button{width:initial;}.wp-block-kadence-advancedbtn .kb-btn2009_439cbe-d4.kb-button{color:#1a1a2e;background:#ffffff;border-top-left-radius:30px;border-top-right-radius:30px;border-bottom-right-radius:30px;border-bottom-left-radius:30px;padding-top:14px;padding-right:30px;padding-bottom:14px;padding-left:30px;}.wp-block-kadence-advancedbtn .kb-btn2009_439cbe-d4.kb-button:hover, .wp-block-kadence-advancedbtn .kb-btn2009_439cbe-d4.kb-button:focus{color:#ffffff;background:#1a1a2e;}<\/style><a class=\"kb-button kt-button button kb-btn2009_439cbe-d4 kt-btn-size-standard kt-btn-width-type-auto kb-btn-global-fill  kt-btn-has-text-true kt-btn-has-svg-false  kt-btn-wrap wp-block-kadence-singlebtn\" href=\"https:\/\/woohoostudio.com\/bilingual-ghostwriting\/\"><span class=\"kt-btn-inner-text\">Bilingual Ghostwriting<\/span><\/a><\/div>\n\n\n<style>.wp-block-kadence-spacer.kt-block-spacer-2009_479b3a-a8 .kt-block-spacer{height:14px;}.wp-block-kadence-spacer.kt-block-spacer-2009_479b3a-a8 .kt-divider{border-top-width:1px;height:1px;border-top-color:#eee;width:80%;border-top-style:solid;}<\/style>\n<div class=\"wp-block-kadence-spacer aligncenter kt-block-spacer-2009_479b3a-a8\"><div class=\"kt-block-spacer kt-block-spacer-halign-center\"><hr class=\"kt-divider\"\/><\/div><\/div>\n\n\n<style>.wp-block-kadence-advancedbtn.kb-btns2009_026fba-df{gap:var(--global-kb-gap-xs, 0.5rem );justify-content:center;align-items:center;}.kt-btns2009_026fba-df .kt-button{font-weight:normal;font-style:normal;}.kt-btns2009_026fba-df .kt-btn-wrap-0{margin-right:5px;}.wp-block-kadence-advancedbtn.kt-btns2009_026fba-df .kt-btn-wrap-0 .kt-button{color:#555555;border-color:#555555;}.wp-block-kadence-advancedbtn.kt-btns2009_026fba-df .kt-btn-wrap-0 .kt-button:hover, .wp-block-kadence-advancedbtn.kt-btns2009_026fba-df .kt-btn-wrap-0 .kt-button:focus{color:#ffffff;border-color:#444444;}.wp-block-kadence-advancedbtn.kt-btns2009_026fba-df .kt-btn-wrap-0 .kt-button::before{display:none;}.wp-block-kadence-advancedbtn.kt-btns2009_026fba-df .kt-btn-wrap-0 .kt-button:hover, .wp-block-kadence-advancedbtn.kt-btns2009_026fba-df .kt-btn-wrap-0 .kt-button:focus{background:#444444;}<\/style>\n<div class=\"wp-block-kadence-advancedbtn kb-buttons-wrap kb-btns2009_026fba-df\"><style>ul.menu .wp-block-kadence-advancedbtn .kb-btn2009_b4bcbb-ef.kb-button{width:initial;}.wp-block-kadence-advancedbtn .kb-btn2009_b4bcbb-ef.kb-button{color:#1a1a2e;background:#ffffff;border-top-left-radius:30px;border-top-right-radius:30px;border-bottom-right-radius:30px;border-bottom-left-radius:30px;padding-top:14px;padding-right:30px;padding-bottom:14px;padding-left:30px;}.wp-block-kadence-advancedbtn .kb-btn2009_b4bcbb-ef.kb-button:hover, .wp-block-kadence-advancedbtn .kb-btn2009_b4bcbb-ef.kb-button:focus{color:#ffffff;background:#1a1a2e;}<\/style><a class=\"kb-button kt-button button kb-btn2009_b4bcbb-ef kt-btn-size-standard kt-btn-width-type-auto kb-btn-global-fill  kt-btn-has-text-true kt-btn-has-svg-false  kt-btn-wrap wp-block-kadence-singlebtn\" href=\"https:\/\/woohoostudio.com\/translations-in-panama\/\"><span class=\"kt-btn-inner-text\">\ud83d\uddc2\ufe0f Official Translations in Panama<\/span><\/a><\/div>\n\n\n<style>.wp-block-kadence-spacer.kt-block-spacer-2009_d58e1a-92 .kt-block-spacer{height:8px;}.wp-block-kadence-spacer.kt-block-spacer-2009_d58e1a-92 .kt-divider{border-top-width:1px;height:1px;border-top-color:rgba(255,255,255,0.25);width:80%;border-top-style:solid;}<\/style>\n<div class=\"wp-block-kadence-spacer aligncenter kt-block-spacer-2009_d58e1a-92\"><div class=\"kt-block-spacer kt-block-spacer-halign-center\"><hr class=\"kt-divider\"\/><\/div><\/div>\n\n\n\n\n\n\n\n\n\n\n\n<p class=\"has-text-align-center has-theme-palette-9-color has-text-color has-link-color wp-elements-cb50a3720b3b2dff77402299897e4ed7\"><strong>Looking for Smartass Entrepreneurs? <\/strong><\/p>\n\n\n<style>.wp-block-kadence-advancedbtn.kb-btns2009_eee34f-21{gap:var(--global-kb-gap-xs, 0.5rem );justify-content:center;align-items:center;}.kt-btns2009_eee34f-21 .kt-button{font-weight:normal;font-style:normal;}.kt-btns2009_eee34f-21 .kt-btn-wrap-0{margin-right:5px;}.wp-block-kadence-advancedbtn.kt-btns2009_eee34f-21 .kt-btn-wrap-0 .kt-button{color:#555555;border-color:#555555;}.wp-block-kadence-advancedbtn.kt-btns2009_eee34f-21 .kt-btn-wrap-0 .kt-button:hover, .wp-block-kadence-advancedbtn.kt-btns2009_eee34f-21 .kt-btn-wrap-0 .kt-button:focus{color:#ffffff;border-color:#444444;}.wp-block-kadence-advancedbtn.kt-btns2009_eee34f-21 .kt-btn-wrap-0 .kt-button::before{display:none;}.wp-block-kadence-advancedbtn.kt-btns2009_eee34f-21 .kt-btn-wrap-0 .kt-button:hover, .wp-block-kadence-advancedbtn.kt-btns2009_eee34f-21 .kt-btn-wrap-0 .kt-button:focus{background:#444444;}<\/style>\n<div class=\"wp-block-kadence-advancedbtn kb-buttons-wrap kb-btns2009_eee34f-21\"><style>ul.menu .wp-block-kadence-advancedbtn .kb-btn2009_9ebce0-66.kb-button{width:initial;}.wp-block-kadence-advancedbtn .kb-btn2009_9ebce0-66.kb-button{color:#1a1a2e;background:#ffffff;border-top-left-radius:30px;border-top-right-radius:30px;border-bottom-right-radius:30px;border-bottom-left-radius:30px;padding-top:14px;padding-right:30px;padding-bottom:14px;padding-left:30px;}.wp-block-kadence-advancedbtn .kb-btn2009_9ebce0-66.kb-button:hover, .wp-block-kadence-advancedbtn .kb-btn2009_9ebce0-66.kb-button:focus{color:#ffffff;background:#1a1a2e;}<\/style><a class=\"kb-button kt-button button kb-btn2009_9ebce0-66 kt-btn-size-standard kt-btn-width-type-auto kb-btn-global-fill  kt-btn-has-text-true kt-btn-has-svg-false  kt-btn-wrap wp-block-kadence-singlebtn\" href=\"https:\/\/smartassentrepreneurs.com\" rel=\"nofollow noopener\" target=\"_blank\"><span class=\"kt-btn-inner-text\"><strong>Go<\/strong><\/span><\/a><\/div>\n<\/div><\/div>\n\n<\/div><\/div>\n\n\n<p><\/p>\n","protected":false},"excerpt":{"rendered":"<p>Looking for Smartass Entrepreneurs?<\/p>\n","protected":false},"author":1,"featured_media":0,"parent":0,"menu_order":0,"comment_status":"closed","ping_status":"closed","template":"","meta":{"_kad_post_transparent":"","_kad_post_title":"hide","_kad_post_layout":"fullwidth","_kad_post_sidebar_id":"","_kad_post_content_style":"unboxed","_kad_post_vertical_padding":"hide","_kad_post_feature":"","_kad_post_feature_position":"","_kad_post_header":true,"_kad_post_footer":true,"_kad_post_classname":"","footnotes":""},"class_list":["post-2009","page","type-page","status-publish","hentry"],"_links":{"self":[{"href":"https:\/\/woohoostudio.com\/en\/wp-json\/wp\/v2\/pages\/2009","targetHints":{"allow":["GET"]}}],"collection":[{"href":"https:\/\/woohoostudio.com\/en\/wp-json\/wp\/v2\/pages"}],"about":[{"href":"https:\/\/woohoostudio.com\/en\/wp-json\/wp\/v2\/types\/page"}],"author":[{"embeddable":true,"href":"https:\/\/woohoostudio.com\/en\/wp-json\/wp\/v2\/users\/1"}],"replies":[{"embeddable":true,"href":"https:\/\/woohoostudio.com\/en\/wp-json\/wp\/v2\/comments?post=2009"}],"version-history":[{"count":14,"href":"https:\/\/woohoostudio.com\/en\/wp-json\/wp\/v2\/pages\/2009\/revisions"}],"predecessor-version":[{"id":2117,"href":"https:\/\/woohoostudio.com\/en\/wp-json\/wp\/v2\/pages\/2009\/revisions\/2117"}],"wp:attachment":[{"href":"https:\/\/woohoostudio.com\/en\/wp-json\/wp\/v2\/media?parent=2009"}],"curies":[{"name":"wp","href":"https:\/\/api.w.org\/{rel}","templated":true}]}}